{"id":3,"date":"2019-09-01T19:53:17","date_gmt":"2019-09-01T17:53:17","guid":{"rendered":"https:\/\/dans.felixnoren.se\/?page_id=3"},"modified":"2019-09-03T22:58:29","modified_gmt":"2019-09-03T20:58:29","slug":"integritetspolicy","status":"publish","type":"page","link":"https:\/\/birkadansklubb.se\/?page_id=3","title":{"rendered":"Integritetspolicy"},"content":{"rendered":"<h2>Vem \u00e4r personuppgiftsansvarig?<\/h2>\n<p>Birka Dansklubb \u00e4r personuppgiftsansvarig f\u00f6r alla dina personuppgifter som behandlas inom ramen f\u00f6r verksamheten. Du kan kontakta oss p\u00e5 dans@birkadansklubb.se.<\/p>\n<h2>Vilka uppgifter samlar vi in och behandlar?<\/h2>\n<p>Vi behandlar de uppgifter som du l\u00e4mnat till oss f\u00f6r att bli medlem i Birka Dansklubb eller tecknar medlemskap f\u00f6r under\u00e5rig, d.v.s. namn, e-postadress, telefonnummer, bilder, resultat fr\u00e5n t\u00e4vlingar, adress och personnummer.&nbsp;Vi behandlar \u00e4ven de personuppgifter du l\u00e4mnar till oss i samband med att du kontaktar oss p\u00e5 e-post eller annat s\u00e4tt.<\/p>\n<h2>Vad \u00e4r \u00e4ndam\u00e5len med personuppgiftsbehandlingen?<\/h2>\n<p style=\"text-align: left;\">Vi behandlar dina personuppgifter f\u00f6r f\u00f6ljande \u00e4ndam\u00e5l:<\/p>\n<ol>\n<li>F\u00f6r att upplysa och sprida information till dig om Birka dansklubb.<\/li>\n<li>F\u00f6r att informera dig om v\u00e5r verksamhet och kurser.<\/li>\n<li>F\u00f6r att informera dig om annan relevant information.<\/li>\n<li>Licensans\u00f6kningar och anm\u00e4lningar till t\u00e4vlingar<\/li>\n<li>F\u00f6r att anv\u00e4nda som underlag f\u00f6r bidragsans\u00f6kningar f\u00f6r f\u00e5r verksamhet.<\/li>\n<\/ol>\n<h2>Vad \u00e4r den r\u00e4ttsliga grunden f\u00f6r behandlingen?<\/h2>\n<p>Vad g\u00e4ller punkterna 1-5 under \u00e4ndam\u00e5len med personuppgiftsbehandling ovan \u00e4r den r\u00e4ttsliga grunden f\u00f6r behandlingen av dina personuppgifter att du, vid ans\u00f6kan om medlemskap, l\u00e4mnar ditt samtycke till behandling av dina personuppgifter.<\/p>\n<h2>Hur l\u00e4nge sparas dina personuppgifter?<\/h2>\n<p>Vi raderar dina personuppgifter d\u00e5 de inte l\u00e4ngre \u00e4r aktuella eller n\u00f6dv\u00e4ndiga (t.ex. om du varit en inaktiv medlem under den tidsperiod som anges under avsnittet \u201dUpps\u00e4gning av medlemskap\u201d nedan)&nbsp; eller n\u00e4r du beg\u00e4rt uttr\u00e4de, r\u00e4ttning eller radering samt n\u00e4r ditt medlemskap i Birka Dansklubb upph\u00f6r. Detsamma g\u00e4ller uppgifter du l\u00e4mnat till oss via mail eller liknande, de raderas d\u00e5 de inte l\u00e4ngre \u00e4r aktuella eller n\u00f6dv\u00e4ndiga (t.ex. d\u00e5 konversationen \u00e4r avslutad eller inaktuell).<\/p>\n<h2>Delar vi dina personuppgifter med andra parter?<\/h2>\n<p>Vi delar dina personuppgifter vid ans\u00f6kan om medlemskap eller bidrag i\/fr\u00e5n andra organisationer. Detta inneb\u00e4r att dina personuppgifter kommer att delas med Riksidrottsf\u00f6rbundet.<\/p>\n<h2>Vad har du f\u00f6r r\u00e4ttigheter?<\/h2>\n<p>Du har r\u00e4tt att beg\u00e4ra en kopia av samtliga personuppgifter som vi behandlar om dig samt r\u00e4tt att f\u00e5 ut dina personuppgifter i ett strukturerat, allm\u00e4nt anv\u00e4nt och maskinl\u00e4sbart format i syfte att \u00f6verf\u00f6ra dina uppgifter till en annan personuppgiftsansvarig (s.k. dataportabilitet). Du har \u00e4ven r\u00e4tt att beg\u00e4ra r\u00e4ttelse eller radering av personuppgifter samt beg\u00e4ra begr\u00e4nsning av den personuppgiftsbehandling som r\u00f6r dig. Om behandlingen av dina personuppgifter som du vill begr\u00e4nsa eller radera \u00e4r n\u00f6dv\u00e4ndig f\u00f6r att uppfylla dessa villkor kan ditt medlemskap emellertid komma att s\u00e4gas upp till f\u00f6ljd av begr\u00e4nsningen eller raderingen.&nbsp;Om du tycker att vi har behandlat dina personuppgifter p\u00e5 ett felaktigt s\u00e4tt har du r\u00e4tt att inge klagom\u00e5l till Datainspektionen (under namn\u00e4ndring till Integritetsskyddsmyndigheten).<\/p>\n<h2>Upps\u00e4gning av medlemskap<\/h2>\n<p>Ditt medlemskap g\u00e4ller fram till slutet av verksamhets\u00e5ret d 30 juni. Du kan s\u00e4ga upp ditt medlemskap n\u00e4r du vill utan upps\u00e4gningstid.<\/p>\n<h2>\u00c4ndring av villkor<\/h2>\n<p>Vi har r\u00e4tt att \u00e4ndra dessa villkor fr\u00e5n tid till annan. \u00c4ndringar av villkoren kommer att publiceras via e-post, senast en m\u00e5nad f\u00f6re villkors\u00e4ndringen tr\u00e4der i kraft.<\/p>\n","protected":false},"excerpt":{"rendered":"<p>Vem \u00e4r personuppgiftsansvarig? Birka Dansklubb \u00e4r personuppgiftsansvarig f\u00f6r alla dina personuppgifter som behandlas inom ramen f\u00f6r verksamheten. Du kan kontakta oss p\u00e5 dans@birkadansklubb.se. Vilka uppgifter samlar vi in och behandlar? Vi behandlar de uppgifter som du l\u00e4mnat till oss f\u00f6r att bli medlem i Birka Dansklubb eller tecknar medlemskap f\u00f6r under\u00e5rig, d.v.s. namn, e-postadress, telefonnummer, &hellip;<\/p>\n<p class=\"read-more\"> <a class=\"\" href=\"https:\/\/birkadansklubb.se\/?page_id=3\"> <span class=\"screen-reader-text\">Integritetspolicy<\/span> L\u00e4s mer &raquo;<\/a><\/p>\n","protected":false},"author":1,"featured_media":0,"parent":0,"menu_order":0,"comment_status":"closed","ping_status":"open","template":"","meta":{"_uag_custom_page_level_css":""},"uagb_featured_image_src":{"full":false,"thumbnail":false,"medium":false,"medium_large":false,"large":false,"1536x1536":false,"2048x2048":false},"uagb_author_info":{"display_name":"Styrelsen","author_link":"https:\/\/birkadansklubb.se\/?author=1"},"uagb_comment_info":0,"uagb_excerpt":"Vem \u00e4r personuppgiftsansvarig? Birka Dansklubb \u00e4r personuppgiftsansvarig f\u00f6r alla dina personuppgifter som behandlas inom ramen f\u00f6r verksamheten. Du kan kontakta oss p\u00e5 dans@birkadansklubb.se. Vilka uppgifter samlar vi in och behandlar? Vi behandlar de uppgifter som du l\u00e4mnat till oss f\u00f6r att bli medlem i Birka Dansklubb eller tecknar medlemskap f\u00f6r under\u00e5rig, d.v.s. namn, e-postadress, telefonnummer,&hellip;","_links":{"self":[{"href":"https:\/\/birkadansklubb.se\/index.php?rest_route=\/wp\/v2\/pages\/3"}],"collection":[{"href":"https:\/\/birkadansklubb.se\/index.php?rest_route=\/wp\/v2\/pages"}],"about":[{"href":"https:\/\/birkadansklubb.se\/index.php?rest_route=\/wp\/v2\/types\/page"}],"author":[{"embeddable":true,"href":"https:\/\/birkadansklubb.se\/index.php?rest_route=\/wp\/v2\/users\/1"}],"replies":[{"embeddable":true,"href":"https:\/\/birkadansklubb.se\/index.php?rest_route=%2Fwp%2Fv2%2Fcomments&post=3"}],"version-history":[{"count":8,"href":"https:\/\/birkadansklubb.se\/index.php?rest_route=\/wp\/v2\/pages\/3\/revisions"}],"predecessor-version":[{"id":543,"href":"https:\/\/birkadansklubb.se\/index.php?rest_route=\/wp\/v2\/pages\/3\/revisions\/543"}],"wp:attachment":[{"href":"https:\/\/birkadansklubb.se\/index.php?rest_route=%2Fwp%2Fv2%2Fmedia&parent=3"}],"curies":[{"name":"wp","href":"https:\/\/api.w.org\/{rel}","templated":true}]}}