{"id":360,"date":"2018-11-26T12:45:27","date_gmt":"2018-11-26T12:45:27","guid":{"rendered":"https:\/\/websitedemos.net\/alex26\/?page_id=6"},"modified":"2025-12-02T10:19:09","modified_gmt":"2025-12-02T09:19:09","slug":"home","status":"publish","type":"page","link":"https:\/\/birkadansklubb.se\/","title":{"rendered":"Hem"},"content":{"rendered":"\t\t<div data-elementor-type=\"wp-post\" data-elementor-id=\"360\" class=\"elementor elementor-360\">\n\t\t\t\t\t\t<div class=\"elementor-inner\">\n\t\t\t\t<div class=\"elementor-section-wrap\">\n\t\t\t\t\t\t\t\t\t<section class=\"elementor-section elementor-top-section elementor-element elementor-element-567911d elementor-section-content-middle elementor-section-boxed elementor-section-height-default elementor-section-height-default\" data-id=\"567911d\" data-element_type=\"section\" data-settings=\"{&quot;background_background&quot;:&quot;classic&quot;}\">\n\t\t\t\t\t\t\t<div class=\"elementor-background-overlay\"><\/div>\n\t\t\t\t\t\t\t<div class=\"elementor-container elementor-column-gap-no\">\n\t\t\t\t\t\t\t<div class=\"elementor-row\">\n\t\t\t\t\t<div class=\"elementor-column elementor-col-100 elementor-top-column elementor-element elementor-element-b3743c8\" data-id=\"b3743c8\" data-element_type=\"column\">\n\t\t\t<div class=\"elementor-column-wrap elementor-element-populated\">\n\t\t\t\t\t\t\t<div class=\"elementor-widget-wrap\">\n\t\t\t\t\t\t<div class=\"elementor-element elementor-element-82092e7 elementor-widget elementor-widget-heading\" data-id=\"82092e7\" data-element_type=\"widget\" data-widget_type=\"heading.default\">\n\t\t\t\t<div class=\"elementor-widget-container\">\n\t\t\t<h1 class=\"elementor-heading-title elementor-size-default\">Birka Dansklubb<\/h1>\t\t<\/div>\n\t\t\t\t<\/div>\n\t\t\t\t<div class=\"elementor-element elementor-element-e2fa0d5 elementor-view-default elementor-widget elementor-widget-icon\" data-id=\"e2fa0d5\" data-element_type=\"widget\" data-widget_type=\"icon.default\">\n\t\t\t\t<div class=\"elementor-widget-container\">\n\t\t\t\t\t<div class=\"elementor-icon-wrapper\">\n\t\t\t<div class=\"elementor-icon\">\n\t\t\t<i aria-hidden=\"true\" class=\"fas fa-long-arrow-alt-down\"><\/i>\t\t\t<\/div>\n\t\t<\/div>\n\t\t\t\t<\/div>\n\t\t\t\t<\/div>\n\t\t\t\t\t\t<\/div>\n\t\t\t\t\t<\/div>\n\t\t<\/div>\n\t\t\t\t\t\t\t\t<\/div>\n\t\t\t\t\t<\/div>\n\t\t<\/section>\n\t\t\t\t<section class=\"elementor-section elementor-top-section elementor-element elementor-element-72897bd elementor-section-content-middle elementor-section-boxed elementor-section-height-default elementor-section-height-default\" data-id=\"72897bd\" data-element_type=\"section\">\n\t\t\t\t\t\t<div class=\"elementor-container elementor-column-gap-no\">\n\t\t\t\t\t\t\t<div class=\"elementor-row\">\n\t\t\t\t\t<div class=\"elementor-column elementor-col-100 elementor-top-column elementor-element elementor-element-7199241\" data-id=\"7199241\" data-element_type=\"column\">\n\t\t\t<div class=\"elementor-column-wrap elementor-element-populated\">\n\t\t\t\t\t\t\t<div class=\"elementor-widget-wrap\">\n\t\t\t\t\t\t<div class=\"elementor-element elementor-element-2a8eb2a elementor-widget elementor-widget-heading\" data-id=\"2a8eb2a\" data-element_type=\"widget\" data-widget_type=\"heading.default\">\n\t\t\t\t<div class=\"elementor-widget-container\">\n\t\t\t<h2 class=\"elementor-heading-title elementor-size-default\">V\u00e4lkommen till Birka Dansklubb<\/h2>\t\t<\/div>\n\t\t\t\t<\/div>\n\t\t\t\t<div class=\"elementor-element elementor-element-0d439b3 elementor-widget elementor-widget-text-editor\" data-id=\"0d439b3\" data-element_type=\"widget\" data-widget_type=\"text-editor.default\">\n\t\t\t\t<div class=\"elementor-widget-container\">\n\t\t\t\t\t\t\t\t<div class=\"elementor-text-editor elementor-clearfix\">\n\t\t\t\t<p>Birka Dansklubb \u00e4r en av Sveriges mest anrika dansklubbar och har funnits sedan 1968. Hos oss dansar barn, ungdomar och vuxna fr\u00e5n hela Stockholm Ballroom och Latin. V\u00e5ra tr\u00e4ningshallar ligger i Alvik och vid Thorildsplan<\/p>\t\t\t\t\t<\/div>\n\t\t\t\t\t\t<\/div>\n\t\t\t\t<\/div>\n\t\t\t\t<div class=\"elementor-element elementor-element-2b6f784 elementor-widget elementor-widget-text-editor\" data-id=\"2b6f784\" data-element_type=\"widget\" data-widget_type=\"text-editor.default\">\n\t\t\t\t<div class=\"elementor-widget-container\">\n\t\t\t\t\t\t\t\t<div class=\"elementor-text-editor elementor-clearfix\">\n\t\t\t\t<p class=\"font_9\">Vi har ett flertal kurser f\u00f6r dansare med olika erfarenhetsniv\u00e5er.&nbsp;<span class=\"color_2\">Om du \u00e4r nyfiken p\u00e5 tiodans&nbsp; d\u00e4r vi g\u00e5r igenom 5 Latindanser (Cha-Cha, Rumba,Samba, Jive och Paso-Doble) och 5 Standarddanser (Vals, Quickstep,Slow Foxtrot, Tango och Wienervals) \u00e4r du och\/eller dina barn v\u00e4lkomna att prova p\u00e5 eller anm\u00e4la er till n\u00e5gon av v\u00e5ra fantastiska kurser. &nbsp;<\/span><\/p>\n<p><\/p>\t\t\t\t\t<\/div>\n\t\t\t\t\t\t<\/div>\n\t\t\t\t<\/div>\n\t\t\t\t<div class=\"elementor-element elementor-element-0b1b608 elementor-align-center elementor-widget elementor-widget-button\" data-id=\"0b1b608\" data-element_type=\"widget\" data-widget_type=\"button.default\">\n\t\t\t\t<div class=\"elementor-widget-container\">\n\t\t\t\t\t<div class=\"elementor-button-wrapper\">\n\t\t\t<a href=\"http:\/\/birkadansklubb.se\/?page_id=364\" class=\"elementor-button-link elementor-button elementor-size-sm\" role=\"button\">\n\t\t\t\t\t\t<span class=\"elementor-button-content-wrapper\">\n\t\t\t\t\t\t<span class=\"elementor-button-text\">ANM\u00c4L INTRESSE<\/span>\n\t\t<\/span>\n\t\t\t\t\t<\/a>\n\t\t<\/div>\n\t\t\t\t<\/div>\n\t\t\t\t<\/div>\n\t\t\t\t\t\t<\/div>\n\t\t\t\t\t<\/div>\n\t\t<\/div>\n\t\t\t\t\t\t\t\t<\/div>\n\t\t\t\t\t<\/div>\n\t\t<\/section>\n\t\t\t\t<section class=\"elementor-section elementor-top-section elementor-element elementor-element-9fcbc28 elementor-section-boxed elementor-section-height-default elementor-section-height-default\" data-id=\"9fcbc28\" data-element_type=\"section\">\n\t\t\t\t\t\t<div class=\"elementor-container elementor-column-gap-default\">\n\t\t\t\t\t\t\t<div class=\"elementor-row\">\n\t\t\t\t\t<div class=\"elementor-column elementor-col-100 elementor-top-column elementor-element elementor-element-5605834\" data-id=\"5605834\" data-element_type=\"column\">\n\t\t\t<div class=\"elementor-column-wrap elementor-element-populated\">\n\t\t\t\t\t\t\t<div class=\"elementor-widget-wrap\">\n\t\t\t\t\t\t<div class=\"elementor-element elementor-element-be3b580 elementor-widget elementor-widget-image\" data-id=\"be3b580\" data-element_type=\"widget\" data-widget_type=\"image.default\">\n\t\t\t\t<div class=\"elementor-widget-container\">\n\t\t\t\t\t\t\t\t<div class=\"elementor-image\">\n\t\t\t\t\t\t\t\t\t\t\t\t\t<a href=\"https:\/\/fritidskortet.se\/\" target=\"_blank\">\n\t\t\t\t\t\t\t<img width=\"300\" height=\"198\" src=\"https:\/\/birkadansklubb.se\/wp-content\/uploads\/2025\/12\/98NE0SI7IB-300x198.png\" class=\"attachment-medium size-medium wp-image-874\" alt=\"\" loading=\"lazy\" srcset=\"https:\/\/birkadansklubb.se\/wp-content\/uploads\/2025\/12\/98NE0SI7IB-300x198.png 300w, https:\/\/birkadansklubb.se\/wp-content\/uploads\/2025\/12\/98NE0SI7IB.png 700w\" sizes=\"(max-width: 300px) 100vw, 300px\" \/>\t\t\t\t\t\t\t\t<\/a>\n\t\t\t\t\t\t\t\t\t\t\t\t\t\t<\/div>\n\t\t\t\t\t\t<\/div>\n\t\t\t\t<\/div>\n\t\t\t\t\t\t<\/div>\n\t\t\t\t\t<\/div>\n\t\t<\/div>\n\t\t\t\t\t\t\t\t<\/div>\n\t\t\t\t\t<\/div>\n\t\t<\/section>\n\t\t\t\t\t\t\t\t\t<\/div>\n\t\t\t<\/div>\n\t\t\t\t\t<\/div>\n\t\t","protected":false},"excerpt":{"rendered":"<p>Birka Dansklubb V\u00e4lkommen till Birka Dansklubb Birka Dansklubb \u00e4r en av Sveriges mest anrika dansklubbar och har funnits sedan 1968. Hos oss dansar barn, ungdomar och vuxna fr\u00e5n hela Stockholm Ballroom och Latin. V\u00e5ra tr\u00e4ningshallar ligger i Alvik och vid Thorildsplan Vi har ett flertal kurser f\u00f6r dansare med olika erfarenhetsniv\u00e5er.&nbsp;Om du \u00e4r nyfiken p\u00e5 &hellip;<\/p>\n<p class=\"read-more\"> <a class=\"\" href=\"https:\/\/birkadansklubb.se\/\"> <span class=\"screen-reader-text\">Hem<\/span> L\u00e4s mer &raquo;<\/a><\/p>\n","protected":false},"author":1,"featured_media":0,"parent":0,"menu_order":0,"comment_status":"closed","ping_status":"closed","template":"","meta":{"_uag_custom_page_level_css":""},"uagb_featured_image_src":{"full":false,"thumbnail":false,"medium":false,"medium_large":false,"large":false,"1536x1536":false,"2048x2048":false},"uagb_author_info":{"display_name":"Styrelsen","author_link":"https:\/\/birkadansklubb.se\/?author=1"},"uagb_comment_info":0,"uagb_excerpt":"Birka Dansklubb V\u00e4lkommen till Birka Dansklubb Birka Dansklubb \u00e4r en av Sveriges mest anrika dansklubbar och har funnits sedan 1968. Hos oss dansar barn, ungdomar och vuxna fr\u00e5n hela Stockholm Ballroom och Latin. V\u00e5ra tr\u00e4ningshallar ligger i Alvik och vid Thorildsplan Vi har ett flertal kurser f\u00f6r dansare med olika erfarenhetsniv\u00e5er.&nbsp;Om du \u00e4r nyfiken p\u00e5&hellip;","_links":{"self":[{"href":"https:\/\/birkadansklubb.se\/index.php?rest_route=\/wp\/v2\/pages\/360"}],"collection":[{"href":"https:\/\/birkadansklubb.se\/index.php?rest_route=\/wp\/v2\/pages"}],"about":[{"href":"https:\/\/birkadansklubb.se\/index.php?rest_route=\/wp\/v2\/types\/page"}],"author":[{"embeddable":true,"href":"https:\/\/birkadansklubb.se\/index.php?rest_route=\/wp\/v2\/users\/1"}],"replies":[{"embeddable":true,"href":"https:\/\/birkadansklubb.se\/index.php?rest_route=%2Fwp%2Fv2%2Fcomments&post=360"}],"version-history":[{"count":27,"href":"https:\/\/birkadansklubb.se\/index.php?rest_route=\/wp\/v2\/pages\/360\/revisions"}],"predecessor-version":[{"id":890,"href":"https:\/\/birkadansklubb.se\/index.php?rest_route=\/wp\/v2\/pages\/360\/revisions\/890"}],"wp:attachment":[{"href":"https:\/\/birkadansklubb.se\/index.php?rest_route=%2Fwp%2Fv2%2Fmedia&parent=360"}],"curies":[{"name":"wp","href":"https:\/\/api.w.org\/{rel}","templated":true}]}}