{"id":362,"date":"2018-11-26T12:46:25","date_gmt":"2018-11-26T12:46:25","guid":{"rendered":"https:\/\/websitedemos.net\/alex26\/?page_id=8"},"modified":"2019-09-24T22:20:38","modified_gmt":"2019-09-24T20:20:38","slug":"services","status":"publish","type":"page","link":"https:\/\/birkadansklubb.se\/?page_id=362","title":{"rendered":"Kontakt"},"content":{"rendered":"\t\t<div data-elementor-type=\"wp-post\" data-elementor-id=\"362\" class=\"elementor elementor-362\">\n\t\t\t\t\t\t<div class=\"elementor-inner\">\n\t\t\t\t<div class=\"elementor-section-wrap\">\n\t\t\t\t\t\t\t\t\t<section class=\"elementor-section elementor-top-section elementor-element elementor-element-bbf904a elementor-section-content-middle elementor-section-boxed elementor-section-height-default elementor-section-height-default\" data-id=\"bbf904a\" data-element_type=\"section\" data-settings=\"{&quot;background_background&quot;:&quot;classic&quot;}\">\n\t\t\t\t\t\t\t<div class=\"elementor-background-overlay\"><\/div>\n\t\t\t\t\t\t\t<div class=\"elementor-container elementor-column-gap-no\">\n\t\t\t\t\t\t\t<div class=\"elementor-row\">\n\t\t\t\t\t<div class=\"elementor-column elementor-col-100 elementor-top-column elementor-element elementor-element-401f620\" data-id=\"401f620\" data-element_type=\"column\">\n\t\t\t<div class=\"elementor-column-wrap elementor-element-populated\">\n\t\t\t\t\t\t\t<div class=\"elementor-widget-wrap\">\n\t\t\t\t\t\t<div class=\"elementor-element elementor-element-def3ca5 elementor-widget elementor-widget-heading\" data-id=\"def3ca5\" data-element_type=\"widget\" data-widget_type=\"heading.default\">\n\t\t\t\t<div class=\"elementor-widget-container\">\n\t\t\t<h1 class=\"elementor-heading-title elementor-size-default\">KONTAKT<\/h1>\t\t<\/div>\n\t\t\t\t<\/div>\n\t\t\t\t\t\t<\/div>\n\t\t\t\t\t<\/div>\n\t\t<\/div>\n\t\t\t\t\t\t\t\t<\/div>\n\t\t\t\t\t<\/div>\n\t\t<\/section>\n\t\t\t\t<section class=\"elementor-section elementor-top-section elementor-element elementor-element-1186045 elementor-section-content-middle elementor-section-boxed elementor-section-height-default elementor-section-height-default\" data-id=\"1186045\" data-element_type=\"section\">\n\t\t\t\t\t\t<div class=\"elementor-container elementor-column-gap-no\">\n\t\t\t\t\t\t\t<div class=\"elementor-row\">\n\t\t\t\t\t<div class=\"elementor-column elementor-col-100 elementor-top-column elementor-element elementor-element-58271f9\" data-id=\"58271f9\" data-element_type=\"column\">\n\t\t\t<div class=\"elementor-column-wrap elementor-element-populated\">\n\t\t\t\t\t\t\t<div class=\"elementor-widget-wrap\">\n\t\t\t\t\t\t<section class=\"elementor-section elementor-inner-section elementor-element elementor-element-f607399 elementor-section-boxed elementor-section-height-default elementor-section-height-default\" data-id=\"f607399\" data-element_type=\"section\">\n\t\t\t\t\t\t<div class=\"elementor-container elementor-column-gap-default\">\n\t\t\t\t\t\t\t<div class=\"elementor-row\">\n\t\t\t\t\t<div class=\"elementor-column elementor-col-50 elementor-inner-column elementor-element elementor-element-0dc7794\" data-id=\"0dc7794\" data-element_type=\"column\">\n\t\t\t<div class=\"elementor-column-wrap elementor-element-populated\">\n\t\t\t\t\t\t\t<div class=\"elementor-widget-wrap\">\n\t\t\t\t\t\t<div class=\"elementor-element elementor-element-263ae38 elementor-widget elementor-widget-heading\" data-id=\"263ae38\" data-element_type=\"widget\" data-widget_type=\"heading.default\">\n\t\t\t\t<div class=\"elementor-widget-container\">\n\t\t\t<h2 class=\"elementor-heading-title elementor-size-default\">VILL DU SAMARBETA?<\/h2>\t\t<\/div>\n\t\t\t\t<\/div>\n\t\t\t\t<div class=\"elementor-element elementor-element-8bba153 elementor-widget elementor-widget-text-editor\" data-id=\"8bba153\" data-element_type=\"widget\" data-widget_type=\"text-editor.default\">\n\t\t\t\t<div class=\"elementor-widget-container\">\n\t\t\t\t\t\t\t\t<div class=\"elementor-text-editor elementor-clearfix\">\n\t\t\t\t<p>Birka Dansklubb s\u00f6ker alltid efter nya samarbetspartners samt sponsorer. Vi \u00e4r st\u00e4ndigt p\u00e5 jakt efter ny lokal f\u00f6r dans, har du n\u00e5gon tveka inte att h\u00f6ra av dig till <a href=\"mailto:dans@birkadansklubb.se\">dans@birkadansklubb.se<\/a><\/p>\t\t\t\t\t<\/div>\n\t\t\t\t\t\t<\/div>\n\t\t\t\t<\/div>\n\t\t\t\t<div class=\"elementor-element elementor-element-b52aa93 elementor-widget elementor-widget-heading\" data-id=\"b52aa93\" data-element_type=\"widget\" data-widget_type=\"heading.default\">\n\t\t\t\t<div class=\"elementor-widget-container\">\n\t\t\t<h2 class=\"elementor-heading-title elementor-size-default\">VILL DU ST\u00d6DJA KLUBBEN?<\/h2>\t\t<\/div>\n\t\t\t\t<\/div>\n\t\t\t\t<div class=\"elementor-element elementor-element-8fd9e97 elementor-widget elementor-widget-text-editor\" data-id=\"8fd9e97\" data-element_type=\"widget\" data-widget_type=\"text-editor.default\">\n\t\t\t\t<div class=\"elementor-widget-container\">\n\t\t\t\t\t\t\t\t<div class=\"elementor-text-editor elementor-clearfix\">\n\t\t\t\t<p>S\u00e4tt in valfritt belopp p\u00e5 klubbens Postgiro 45 85 08-9 m\u00e4rk betalningen med &#8221;G\u00e5va&#8221;.<\/p>\t\t\t\t\t<\/div>\n\t\t\t\t\t\t<\/div>\n\t\t\t\t<\/div>\n\t\t\t\t<div class=\"elementor-element elementor-element-f0fb0dd elementor-widget elementor-widget-heading\" data-id=\"f0fb0dd\" data-element_type=\"widget\" data-widget_type=\"heading.default\">\n\t\t\t\t<div class=\"elementor-widget-container\">\n\t\t\t<h2 class=\"elementor-heading-title elementor-size-default\">VILL DU BLI ST\u00d6DMEDLEM?<\/h2>\t\t<\/div>\n\t\t\t\t<\/div>\n\t\t\t\t<div class=\"elementor-element elementor-element-ab57354 elementor-widget elementor-widget-text-editor\" data-id=\"ab57354\" data-element_type=\"widget\" data-widget_type=\"text-editor.default\">\n\t\t\t\t<div class=\"elementor-widget-container\">\n\t\t\t\t\t\t\t\t<div class=\"elementor-text-editor elementor-clearfix\">\n\t\t\t\t<p>Fyll i formul\u00e4ret. Ett st\u00f6dmedlemskap kostar endast 200kr och faktureras efter att ni fyllt i formul\u00e4ret.<\/p>\t\t\t\t\t<\/div>\n\t\t\t\t\t\t<\/div>\n\t\t\t\t<\/div>\n\t\t\t\t<div class=\"elementor-element elementor-element-9bae7bb elementor-widget elementor-widget-text-editor\" data-id=\"9bae7bb\" data-element_type=\"widget\" data-widget_type=\"text-editor.default\">\n\t\t\t\t<div class=\"elementor-widget-container\">\n\t\t\t\t\t\t\t\t<div class=\"elementor-text-editor elementor-clearfix\">\n\t\t\t\t<p>F\u00f6r \u00f6vrig kontakt, maila oss p\u00e5 <a href=\"mailto:dans@birkadansklubb.se\">dans@birkadansklubb.se<\/a><\/p>\t\t\t\t\t<\/div>\n\t\t\t\t\t\t<\/div>\n\t\t\t\t<\/div>\n\t\t\t\t\t\t<\/div>\n\t\t\t\t\t<\/div>\n\t\t<\/div>\n\t\t\t\t<div class=\"elementor-column elementor-col-50 elementor-inner-column elementor-element elementor-element-02412bf\" data-id=\"02412bf\" data-element_type=\"column\">\n\t\t\t<div class=\"elementor-column-wrap elementor-element-populated\">\n\t\t\t\t\t\t\t<div class=\"elementor-widget-wrap\">\n\t\t\t\t\t\t<div class=\"elementor-element elementor-element-b53bf37 elementor-widget elementor-widget-image\" data-id=\"b53bf37\" data-element_type=\"widget\" data-widget_type=\"image.default\">\n\t\t\t\t<div class=\"elementor-widget-container\">\n\t\t\t\t\t\t\t\t<div class=\"elementor-image\">\n\t\t\t\t\t\t\t\t\t\t\t\t<img width=\"792\" height=\"1024\" src=\"https:\/\/birkadansklubb.se\/wp-content\/uploads\/2019\/09\/logo-792x1024.png\" class=\"attachment-large size-large wp-image-624\" alt=\"\" loading=\"lazy\" srcset=\"https:\/\/birkadansklubb.se\/wp-content\/uploads\/2019\/09\/logo-792x1024.png 792w, https:\/\/birkadansklubb.se\/wp-content\/uploads\/2019\/09\/logo-232x300.png 232w, https:\/\/birkadansklubb.se\/wp-content\/uploads\/2019\/09\/logo-768x993.png 768w, https:\/\/birkadansklubb.se\/wp-content\/uploads\/2019\/09\/logo.png 903w\" sizes=\"(max-width: 792px) 100vw, 792px\" \/>\t\t\t\t\t\t\t\t\t\t\t\t\t\t<\/div>\n\t\t\t\t\t\t<\/div>\n\t\t\t\t<\/div>\n\t\t\t\t\t\t<\/div>\n\t\t\t\t\t<\/div>\n\t\t<\/div>\n\t\t\t\t\t\t\t\t<\/div>\n\t\t\t\t\t<\/div>\n\t\t<\/section>\n\t\t\t\t\t\t<\/div>\n\t\t\t\t\t<\/div>\n\t\t<\/div>\n\t\t\t\t\t\t\t\t<\/div>\n\t\t\t\t\t<\/div>\n\t\t<\/section>\n\t\t\t\t\t\t\t\t\t<\/div>\n\t\t\t<\/div>\n\t\t\t\t\t<\/div>\n\t\t","protected":false},"excerpt":{"rendered":"<p>KONTAKT VILL DU SAMARBETA? Birka Dansklubb s\u00f6ker alltid efter nya samarbetspartners samt sponsorer. Vi \u00e4r st\u00e4ndigt p\u00e5 jakt efter ny lokal f\u00f6r dans, har du n\u00e5gon tveka inte att h\u00f6ra av dig till dans@birkadansklubb.se VILL DU ST\u00d6DJA KLUBBEN? S\u00e4tt in valfritt belopp p\u00e5 klubbens Postgiro 45 85 08-9 m\u00e4rk betalningen med &#8221;G\u00e5va&#8221;. VILL DU BLI &hellip;<\/p>\n<p class=\"read-more\"> <a class=\"\" href=\"https:\/\/birkadansklubb.se\/?page_id=362\"> <span class=\"screen-reader-text\">Kontakt<\/span> L\u00e4s mer &raquo;<\/a><\/p>\n","protected":false},"author":1,"featured_media":0,"parent":0,"menu_order":0,"comment_status":"closed","ping_status":"closed","template":"","meta":{"_uag_custom_page_level_css":""},"uagb_featured_image_src":{"full":false,"thumbnail":false,"medium":false,"medium_large":false,"large":false,"1536x1536":false,"2048x2048":false},"uagb_author_info":{"display_name":"Styrelsen","author_link":"https:\/\/birkadansklubb.se\/?author=1"},"uagb_comment_info":0,"uagb_excerpt":"KONTAKT VILL DU SAMARBETA? Birka Dansklubb s\u00f6ker alltid efter nya samarbetspartners samt sponsorer. Vi \u00e4r st\u00e4ndigt p\u00e5 jakt efter ny lokal f\u00f6r dans, har du n\u00e5gon tveka inte att h\u00f6ra av dig till dans@birkadansklubb.se VILL DU ST\u00d6DJA KLUBBEN? S\u00e4tt in valfritt belopp p\u00e5 klubbens Postgiro 45 85 08-9 m\u00e4rk betalningen med &#8221;G\u00e5va&#8221;. VILL DU BLI&hellip;","_links":{"self":[{"href":"https:\/\/birkadansklubb.se\/index.php?rest_route=\/wp\/v2\/pages\/362"}],"collection":[{"href":"https:\/\/birkadansklubb.se\/index.php?rest_route=\/wp\/v2\/pages"}],"about":[{"href":"https:\/\/birkadansklubb.se\/index.php?rest_route=\/wp\/v2\/types\/page"}],"author":[{"embeddable":true,"href":"https:\/\/birkadansklubb.se\/index.php?rest_route=\/wp\/v2\/users\/1"}],"replies":[{"embeddable":true,"href":"https:\/\/birkadansklubb.se\/index.php?rest_route=%2Fwp%2Fv2%2Fcomments&post=362"}],"version-history":[{"count":15,"href":"https:\/\/birkadansklubb.se\/index.php?rest_route=\/wp\/v2\/pages\/362\/revisions"}],"predecessor-version":[{"id":625,"href":"https:\/\/birkadansklubb.se\/index.php?rest_route=\/wp\/v2\/pages\/362\/revisions\/625"}],"wp:attachment":[{"href":"https:\/\/birkadansklubb.se\/index.php?rest_route=%2Fwp%2Fv2%2Fmedia&parent=362"}],"curies":[{"name":"wp","href":"https:\/\/api.w.org\/{rel}","templated":true}]}}