{"id":482,"date":"2019-09-03T18:30:05","date_gmt":"2019-09-03T16:30:05","guid":{"rendered":"https:\/\/dans.felixnoren.se\/?page_id=482"},"modified":"2023-08-22T22:15:29","modified_gmt":"2023-08-22T20:15:29","slug":"tavling","status":"publish","type":"page","link":"https:\/\/birkadansklubb.se\/?page_id=482","title":{"rendered":"T\u00c4VLING"},"content":{"rendered":"\t\t<div data-elementor-type=\"wp-page\" data-elementor-id=\"482\" class=\"elementor elementor-482\">\n\t\t\t\t\t\t<div class=\"elementor-inner\">\n\t\t\t\t<div class=\"elementor-section-wrap\">\n\t\t\t\t\t\t\t\t\t<section class=\"elementor-section elementor-top-section elementor-element elementor-element-638929e elementor-section-content-middle elementor-section-boxed elementor-section-height-default elementor-section-height-default\" data-id=\"638929e\" data-element_type=\"section\" data-settings=\"{&quot;background_background&quot;:&quot;classic&quot;}\">\n\t\t\t\t\t\t\t<div class=\"elementor-background-overlay\"><\/div>\n\t\t\t\t\t\t\t<div class=\"elementor-container elementor-column-gap-no\">\n\t\t\t\t\t\t\t<div class=\"elementor-row\">\n\t\t\t\t\t<div class=\"elementor-column elementor-col-100 elementor-top-column elementor-element elementor-element-253802fd\" data-id=\"253802fd\" data-element_type=\"column\">\n\t\t\t<div class=\"elementor-column-wrap elementor-element-populated\">\n\t\t\t\t\t\t\t<div class=\"elementor-widget-wrap\">\n\t\t\t\t\t\t<div class=\"elementor-element elementor-element-4f6e8645 elementor-widget elementor-widget-heading\" data-id=\"4f6e8645\" data-element_type=\"widget\" data-widget_type=\"heading.default\">\n\t\t\t\t<div class=\"elementor-widget-container\">\n\t\t\t<h1 class=\"elementor-heading-title elementor-size-default\">T\u00c4VLING<\/h1>\t\t<\/div>\n\t\t\t\t<\/div>\n\t\t\t\t\t\t<\/div>\n\t\t\t\t\t<\/div>\n\t\t<\/div>\n\t\t\t\t\t\t\t\t<\/div>\n\t\t\t\t\t<\/div>\n\t\t<\/section>\n\t\t\t\t<section class=\"elementor-section elementor-top-section elementor-element elementor-element-596ec0e4 elementor-section-content-middle elementor-section-boxed elementor-section-height-default elementor-section-height-default\" data-id=\"596ec0e4\" data-element_type=\"section\">\n\t\t\t\t\t\t<div class=\"elementor-container elementor-column-gap-no\">\n\t\t\t\t\t\t\t<div class=\"elementor-row\">\n\t\t\t\t\t<div class=\"elementor-column elementor-col-100 elementor-top-column elementor-element elementor-element-43d7248f\" data-id=\"43d7248f\" data-element_type=\"column\">\n\t\t\t<div class=\"elementor-column-wrap elementor-element-populated\">\n\t\t\t\t\t\t\t<div class=\"elementor-widget-wrap\">\n\t\t\t\t\t\t<section class=\"elementor-section elementor-inner-section elementor-element elementor-element-4afa7ff elementor-section-boxed elementor-section-height-default elementor-section-height-default\" data-id=\"4afa7ff\" data-element_type=\"section\">\n\t\t\t\t\t\t<div class=\"elementor-container elementor-column-gap-default\">\n\t\t\t\t\t\t\t<div class=\"elementor-row\">\n\t\t\t\t\t<div class=\"elementor-column elementor-col-50 elementor-inner-column elementor-element elementor-element-2e7c8de1\" data-id=\"2e7c8de1\" data-element_type=\"column\">\n\t\t\t<div class=\"elementor-column-wrap elementor-element-populated\">\n\t\t\t\t\t\t\t<div class=\"elementor-widget-wrap\">\n\t\t\t\t\t\t<div class=\"elementor-element elementor-element-1efcf19b elementor-widget elementor-widget-heading\" data-id=\"1efcf19b\" data-element_type=\"widget\" data-widget_type=\"heading.default\">\n\t\t\t\t<div class=\"elementor-widget-container\">\n\t\t\t<h2 class=\"elementor-heading-title elementor-size-default\">T\u00c4VLINGSVERKSAMHET<\/h2>\t\t<\/div>\n\t\t\t\t<\/div>\n\t\t\t\t<div class=\"elementor-element elementor-element-11e90cf3 elementor-widget elementor-widget-text-editor\" data-id=\"11e90cf3\" data-element_type=\"widget\" data-widget_type=\"text-editor.default\">\n\t\t\t\t<div class=\"elementor-widget-container\">\n\t\t\t\t\t\t\t\t<div class=\"elementor-text-editor elementor-clearfix\">\n\t\t\t\t<p>I Birka Dansklubb har du m\u00f6jlighet att t\u00e4vlingsdansa i Standard och Latin som Par eller Solo p\u00e5 t\u00e4vlingar Sanktionerade av Svenska Danssportf\u00f6rbundet.<\/p>\t\t\t\t\t<\/div>\n\t\t\t\t\t\t<\/div>\n\t\t\t\t<\/div>\n\t\t\t\t<div class=\"elementor-element elementor-element-239dad80 elementor-widget elementor-widget-text-editor\" data-id=\"239dad80\" data-element_type=\"widget\" data-widget_type=\"text-editor.default\">\n\t\t\t\t<div class=\"elementor-widget-container\">\n\t\t\t\t\t\t\t\t<div class=\"elementor-text-editor elementor-clearfix\">\n\t\t\t\t<p>T\u00e4vlingsanm\u00e4lan skall ske i samr\u00e5d med ansvarig tr\u00e4nare.\u00a0<span style=\"font-size: 15px;\">Er f\u00f6rsta anm\u00e4lan sker till <a href=\"mailto:dans@birkadansklubb.se\">dans@birkadansklubb.se<\/a> meddela d\u00e5 att ni vill b\u00f6rja t\u00e4vla.\u00a0<\/span><span style=\"font-size: 15px;\">Er fortsatta t\u00e4vlingsanm\u00e4lan sker forts\u00e4ttningsvis direkt p\u00e5 <a href=\"https:\/\/dans.se\/\">dans.se<\/a> d\u00e4r det finns m\u00f6jlighet att anm\u00e4la sig direkt till t\u00e4vlingar kopplade till Svenska Danssportf\u00f6rbundet.<\/span><\/p>\t\t\t\t\t<\/div>\n\t\t\t\t\t\t<\/div>\n\t\t\t\t<\/div>\n\t\t\t\t<div class=\"elementor-element elementor-element-78c63a7c elementor-widget elementor-widget-text-editor\" data-id=\"78c63a7c\" data-element_type=\"widget\" data-widget_type=\"text-editor.default\">\n\t\t\t\t<div class=\"elementor-widget-container\">\n\t\t\t\t\t\t\t\t<div class=\"elementor-text-editor elementor-clearfix\">\n\t\t\t\t<p>F\u00f6r att t\u00e4vla f\u00f6r Birka dansklubb kr\u00e4vs det att man deltar i Birka Dansklubbs kursverksamhet.\u00a0<span style=\"font-size: 15px;\">Birka Dansklubb tar ut en avgift f\u00f6r att t\u00e4vla terminsvis, ni skall allts\u00e5 inte betala licensavgifter eller anm\u00e4lningsavgifter till t\u00e4vlingar eller arrang\u00f6rer. Birka Dansklubb fakturerar er t\u00e4vlingsavgiften alltid direkt ifr\u00e5n oss.<\/span><\/p>\t\t\t\t\t<\/div>\n\t\t\t\t\t\t<\/div>\n\t\t\t\t<\/div>\n\t\t\t\t<div class=\"elementor-element elementor-element-39ce0356 elementor-widget elementor-widget-text-editor\" data-id=\"39ce0356\" data-element_type=\"widget\" data-widget_type=\"text-editor.default\">\n\t\t\t\t<div class=\"elementor-widget-container\">\n\t\t\t\t\t\t\t\t<div class=\"elementor-text-editor elementor-clearfix\">\n\t\t\t\t<p>F\u00f6r \u00f6vriga fr\u00e5gor, maila oss p\u00e5 <a href=\"mailto:dans@birkadansklubb.se\">dans@birkadansklubb.se<\/a><\/p>\t\t\t\t\t<\/div>\n\t\t\t\t\t\t<\/div>\n\t\t\t\t<\/div>\n\t\t\t\t\t\t<\/div>\n\t\t\t\t\t<\/div>\n\t\t<\/div>\n\t\t\t\t<div class=\"elementor-column elementor-col-50 elementor-inner-column elementor-element elementor-element-15f08331\" data-id=\"15f08331\" data-element_type=\"column\">\n\t\t\t<div class=\"elementor-column-wrap elementor-element-populated\">\n\t\t\t\t\t\t\t<div class=\"elementor-widget-wrap\">\n\t\t\t\t\t\t<div class=\"elementor-element elementor-element-1e9b17f7 elementor-widget elementor-widget-image\" data-id=\"1e9b17f7\" data-element_type=\"widget\" data-widget_type=\"image.default\">\n\t\t\t\t<div class=\"elementor-widget-container\">\n\t\t\t\t\t\t\t\t<div class=\"elementor-image\">\n\t\t\t\t\t\t\t\t\t\t\t\t<img width=\"1707\" height=\"2560\" src=\"https:\/\/birkadansklubb.se\/wp-content\/uploads\/2023\/08\/4PM05171-1-scaled.jpg\" class=\"attachment-full size-full wp-image-702\" alt=\"\" loading=\"lazy\" srcset=\"https:\/\/birkadansklubb.se\/wp-content\/uploads\/2023\/08\/4PM05171-1-scaled.jpg 1707w, https:\/\/birkadansklubb.se\/wp-content\/uploads\/2023\/08\/4PM05171-1-200x300.jpg 200w, https:\/\/birkadansklubb.se\/wp-content\/uploads\/2023\/08\/4PM05171-1-683x1024.jpg 683w, https:\/\/birkadansklubb.se\/wp-content\/uploads\/2023\/08\/4PM05171-1-768x1152.jpg 768w, https:\/\/birkadansklubb.se\/wp-content\/uploads\/2023\/08\/4PM05171-1-1024x1536.jpg 1024w, https:\/\/birkadansklubb.se\/wp-content\/uploads\/2023\/08\/4PM05171-1-1366x2048.jpg 1366w\" sizes=\"(max-width: 1707px) 100vw, 1707px\" \/>\t\t\t\t\t\t\t\t\t\t\t\t\t\t<\/div>\n\t\t\t\t\t\t<\/div>\n\t\t\t\t<\/div>\n\t\t\t\t\t\t<\/div>\n\t\t\t\t\t<\/div>\n\t\t<\/div>\n\t\t\t\t\t\t\t\t<\/div>\n\t\t\t\t\t<\/div>\n\t\t<\/section>\n\t\t\t\t\t\t<\/div>\n\t\t\t\t\t<\/div>\n\t\t<\/div>\n\t\t\t\t\t\t\t\t<\/div>\n\t\t\t\t\t<\/div>\n\t\t<\/section>\n\t\t\t\t\t\t\t\t\t<\/div>\n\t\t\t<\/div>\n\t\t\t\t\t<\/div>\n\t\t","protected":false},"excerpt":{"rendered":"<p>T\u00c4VLING T\u00c4VLINGSVERKSAMHET I Birka Dansklubb har du m\u00f6jlighet att t\u00e4vlingsdansa i Standard och Latin som Par eller Solo p\u00e5 t\u00e4vlingar Sanktionerade av Svenska Danssportf\u00f6rbundet. T\u00e4vlingsanm\u00e4lan skall ske i samr\u00e5d med ansvarig tr\u00e4nare.\u00a0Er f\u00f6rsta anm\u00e4lan sker till dans@birkadansklubb.se meddela d\u00e5 att ni vill b\u00f6rja t\u00e4vla.\u00a0Er fortsatta t\u00e4vlingsanm\u00e4lan sker forts\u00e4ttningsvis direkt p\u00e5 dans.se d\u00e4r det finns m\u00f6jlighet &hellip;<\/p>\n<p class=\"read-more\"> <a class=\"\" href=\"https:\/\/birkadansklubb.se\/?page_id=482\"> <span class=\"screen-reader-text\">T\u00c4VLING<\/span> L\u00e4s mer &raquo;<\/a><\/p>\n","protected":false},"author":1,"featured_media":0,"parent":0,"menu_order":0,"comment_status":"closed","ping_status":"closed","template":"","meta":{"_uag_custom_page_level_css":""},"uagb_featured_image_src":{"full":false,"thumbnail":false,"medium":false,"medium_large":false,"large":false,"1536x1536":false,"2048x2048":false},"uagb_author_info":{"display_name":"Styrelsen","author_link":"https:\/\/birkadansklubb.se\/?author=1"},"uagb_comment_info":0,"uagb_excerpt":"T\u00c4VLING T\u00c4VLINGSVERKSAMHET I Birka Dansklubb har du m\u00f6jlighet att t\u00e4vlingsdansa i Standard och Latin som Par eller Solo p\u00e5 t\u00e4vlingar Sanktionerade av Svenska Danssportf\u00f6rbundet. T\u00e4vlingsanm\u00e4lan skall ske i samr\u00e5d med ansvarig tr\u00e4nare.\u00a0Er f\u00f6rsta anm\u00e4lan sker till dans@birkadansklubb.se meddela d\u00e5 att ni vill b\u00f6rja t\u00e4vla.\u00a0Er fortsatta t\u00e4vlingsanm\u00e4lan sker forts\u00e4ttningsvis direkt p\u00e5 dans.se d\u00e4r det finns m\u00f6jlighet&hellip;","_links":{"self":[{"href":"https:\/\/birkadansklubb.se\/index.php?rest_route=\/wp\/v2\/pages\/482"}],"collection":[{"href":"https:\/\/birkadansklubb.se\/index.php?rest_route=\/wp\/v2\/pages"}],"about":[{"href":"https:\/\/birkadansklubb.se\/index.php?rest_route=\/wp\/v2\/types\/page"}],"author":[{"embeddable":true,"href":"https:\/\/birkadansklubb.se\/index.php?rest_route=\/wp\/v2\/users\/1"}],"replies":[{"embeddable":true,"href":"https:\/\/birkadansklubb.se\/index.php?rest_route=%2Fwp%2Fv2%2Fcomments&post=482"}],"version-history":[{"count":31,"href":"https:\/\/birkadansklubb.se\/index.php?rest_route=\/wp\/v2\/pages\/482\/revisions"}],"predecessor-version":[{"id":788,"href":"https:\/\/birkadansklubb.se\/index.php?rest_route=\/wp\/v2\/pages\/482\/revisions\/788"}],"wp:attachment":[{"href":"https:\/\/birkadansklubb.se\/index.php?rest_route=%2Fwp%2Fv2%2Fmedia&parent=482"}],"curies":[{"name":"wp","href":"https:\/\/api.w.org\/{rel}","templated":true}]}}