{"id":521,"date":"2019-09-03T21:44:17","date_gmt":"2019-09-03T19:44:17","guid":{"rendered":"https:\/\/dans.felixnoren.se\/?page_id=521"},"modified":"2023-03-13T13:24:09","modified_gmt":"2023-03-13T12:24:09","slug":"bli-medlem","status":"publish","type":"page","link":"https:\/\/birkadansklubb.se\/?page_id=521","title":{"rendered":"BLI MEDLEM"},"content":{"rendered":"\t\t<div data-elementor-type=\"wp-page\" data-elementor-id=\"521\" class=\"elementor elementor-521\">\n\t\t\t\t\t\t<div class=\"elementor-inner\">\n\t\t\t\t<div class=\"elementor-section-wrap\">\n\t\t\t\t\t\t\t\t\t<section class=\"elementor-section elementor-top-section elementor-element elementor-element-56e9a6fa elementor-section-content-middle elementor-section-boxed elementor-section-height-default elementor-section-height-default\" data-id=\"56e9a6fa\" data-element_type=\"section\" data-settings=\"{&quot;background_background&quot;:&quot;classic&quot;}\">\n\t\t\t\t\t\t\t<div class=\"elementor-background-overlay\"><\/div>\n\t\t\t\t\t\t\t<div class=\"elementor-container elementor-column-gap-no\">\n\t\t\t\t\t\t\t<div class=\"elementor-row\">\n\t\t\t\t\t<div class=\"elementor-column elementor-col-100 elementor-top-column elementor-element elementor-element-5075005c\" data-id=\"5075005c\" data-element_type=\"column\">\n\t\t\t<div class=\"elementor-column-wrap elementor-element-populated\">\n\t\t\t\t\t\t\t<div class=\"elementor-widget-wrap\">\n\t\t\t\t\t\t<div class=\"elementor-element elementor-element-54705cf elementor-widget elementor-widget-heading\" data-id=\"54705cf\" data-element_type=\"widget\" data-widget_type=\"heading.default\">\n\t\t\t\t<div class=\"elementor-widget-container\">\n\t\t\t<h1 class=\"elementor-heading-title elementor-size-default\">BLI MEDLEM<\/h1>\t\t<\/div>\n\t\t\t\t<\/div>\n\t\t\t\t\t\t<\/div>\n\t\t\t\t\t<\/div>\n\t\t<\/div>\n\t\t\t\t\t\t\t\t<\/div>\n\t\t\t\t\t<\/div>\n\t\t<\/section>\n\t\t\t\t<section class=\"elementor-section elementor-top-section elementor-element elementor-element-3d57d22e elementor-section-content-top elementor-section-boxed elementor-section-height-default elementor-section-height-default\" data-id=\"3d57d22e\" data-element_type=\"section\">\n\t\t\t\t\t\t<div class=\"elementor-container elementor-column-gap-no\">\n\t\t\t\t\t\t\t<div class=\"elementor-row\">\n\t\t\t\t\t<div class=\"elementor-column elementor-col-50 elementor-top-column elementor-element elementor-element-3834096b\" data-id=\"3834096b\" data-element_type=\"column\">\n\t\t\t<div class=\"elementor-column-wrap elementor-element-populated\">\n\t\t\t\t\t\t\t<div class=\"elementor-widget-wrap\">\n\t\t\t\t\t\t<div class=\"elementor-element elementor-element-3942732 elementor-widget elementor-widget-heading\" data-id=\"3942732\" data-element_type=\"widget\" data-widget_type=\"heading.default\">\n\t\t\t\t<div class=\"elementor-widget-container\">\n\t\t\t<h2 class=\"elementor-heading-title elementor-size-default\">MEDLEMSANS\u00d6KAN<\/h2>\t\t<\/div>\n\t\t\t\t<\/div>\n\t\t\t\t<div class=\"elementor-element elementor-element-31e0d3d elementor-widget elementor-widget-text-editor\" data-id=\"31e0d3d\" data-element_type=\"widget\" data-widget_type=\"text-editor.default\">\n\t\t\t\t<div class=\"elementor-widget-container\">\n\t\t\t\t\t\t\t\t<div class=\"elementor-text-editor elementor-clearfix\">\n\t\t\t\t<p>Roligt att just du vill bli medlem! Fyll i formul\u00e4ret till h\u00f6ger f\u00f6r att bli medlem.\u00a0<\/p><p>Medlemsavgiften f\u00f6r aktiva medlemmar \u00e4r 350 kr per verksamhets\u00e5r. F\u00f6r st\u00f6dmedlemmar \u00e4r medlemsavgiften 200 kr per verksamhets\u00e5r. Avgiften faktureras efter behandlad ans\u00f6kan.<\/p>\t\t\t\t\t<\/div>\n\t\t\t\t\t\t<\/div>\n\t\t\t\t<\/div>\n\t\t\t\t<div class=\"elementor-element elementor-element-75d12d9 elementor-widget elementor-widget-heading\" data-id=\"75d12d9\" data-element_type=\"widget\" data-widget_type=\"heading.default\">\n\t\t\t\t<div class=\"elementor-widget-container\">\n\t\t\t<h2 class=\"elementor-heading-title elementor-size-default\">NY I BIRKA<\/h2>\t\t<\/div>\n\t\t\t\t<\/div>\n\t\t\t\t<div class=\"elementor-element elementor-element-1d7ac76d elementor-widget elementor-widget-text-editor\" data-id=\"1d7ac76d\" data-element_type=\"widget\" data-widget_type=\"text-editor.default\">\n\t\t\t\t<div class=\"elementor-widget-container\">\n\t\t\t\t\t\t\t\t<div class=\"elementor-text-editor elementor-clearfix\">\n\t\t\t\t<p>V\u00e4lkommen som ny i Birka Dansklubb. Vi \u00e4r Sveriges \u00e4ldsta dansklubb ansluten till Svenska Dansportf\u00f6rbundet. Du har d\u00e4rigenom m\u00f6jlighet att t\u00e4vla i deras regi inom Standard Latin och Tiodans.&nbsp;<\/p>\n<p><span style=\"font-size: 15px;\">Birka Dansklubb har m\u00e5nga t\u00e4vlande par allt ifr\u00e5n nyb\u00f6rjare till SM medalj\u00f6rer och dansare som t\u00e4vlar internationellt.&nbsp;<\/span><\/p>\n<p><span style=\"font-size: 15px;\">Hos oss \u00e4r alla helt enkelt v\u00e4lkomna, oavsett om du \u00e4r helt ny och vill l\u00e4ra dig dansa eller om du har framtidsvisioner om att en dag st\u00e5 som Svensk m\u00e4stare. V\u00e5r tr\u00e4nare har l\u00e5ng erfarenhet b\u00e5de sj\u00e4lv som dansare och flerfaldig SM medalj\u00f6r och vinnare samt tr\u00e4nare till flertalet elitpar och SM medalj\u00f6rer.&nbsp;<\/span><\/p>\n<p><span style=\"font-size: 15px;\">Alla kursverksamhet f\u00f6r nyb\u00f6rjare bedrivs i Konradsbergshallen, tunnelbana till Thorildsplan.<\/span><\/p>\n<p>Till v\u00e5ra barn och ungdomsgrupper g\u00e5r det j\u00e4ttebra att komma sj\u00e4lv medans i Vuxengruppen uppmanar vi till anm\u00e4lan i par d\u00e5 vi har fasta partners men det g\u00e5r sj\u00e4lvklart bra att dansa sj\u00e4lv om man s\u00e5 \u00f6nskar.&nbsp;<\/p>\n<p><span style=\"font-size: 15px;\">Kom g\u00e4rna i bekv\u00e4ma kl\u00e4der samt dansskor eller gympaskor avsedda f\u00f6r inomhusbruk.<\/span><\/p>\n<div>&nbsp;<\/div>\t\t\t\t\t<\/div>\n\t\t\t\t\t\t<\/div>\n\t\t\t\t<\/div>\n\t\t\t\t\t\t<\/div>\n\t\t\t\t\t<\/div>\n\t\t<\/div>\n\t\t\t\t<div class=\"elementor-column elementor-col-50 elementor-top-column elementor-element elementor-element-7376976e\" data-id=\"7376976e\" data-element_type=\"column\">\n\t\t\t<div class=\"elementor-column-wrap elementor-element-populated\">\n\t\t\t\t\t\t\t<div class=\"elementor-widget-wrap\">\n\t\t\t\t\t\t<div class=\"elementor-element elementor-element-4be4b35f elementor-widget elementor-widget-shortcode\" data-id=\"4be4b35f\" data-element_type=\"widget\" data-widget_type=\"shortcode.default\">\n\t\t\t\t<div class=\"elementor-widget-container\">\n\t\t\t\t\t<div class=\"elementor-shortcode\"><div class=\"wpforms-container \" id=\"wpforms-487\"><form id=\"wpforms-form-487\" class=\"wpforms-validate wpforms-form\" data-formid=\"487\" method=\"post\" enctype=\"multipart\/form-data\" action=\"\/index.php?rest_route=%2Fwp%2Fv2%2Fpages%2F521\" data-token=\"deb977bd2c0ec57a6cf46e0e143a1225\"><noscript class=\"wpforms-error-noscript\">Aktivera JavaScript i din webbl\u00e4sare f\u00f6r att slutf\u00f6ra detta formul\u00e4r.<\/noscript><div class=\"wpforms-field-container\"><div id=\"wpforms-487-field_13-container\" class=\"wpforms-field wpforms-field-radio\" data-field-id=\"13\"><label class=\"wpforms-field-label\" for=\"wpforms-487-field_13\">Jag vill bli<\/label><ul id=\"wpforms-487-field_13\"><li class=\"choice-1 depth-1\"><input type=\"radio\" id=\"wpforms-487-field_13_1\" name=\"wpforms[fields][13]\" value=\"Aktiv medlem\"  ><label class=\"wpforms-field-label-inline\" for=\"wpforms-487-field_13_1\">Aktiv medlem<\/label><\/li><li class=\"choice-2 depth-1\"><input type=\"radio\" id=\"wpforms-487-field_13_2\" name=\"wpforms[fields][13]\" value=\"St\u00f6dmedlem\"  ><label class=\"wpforms-field-label-inline\" for=\"wpforms-487-field_13_2\">St\u00f6dmedlem<\/label><\/li><\/ul><\/div><div id=\"wpforms-487-field_0-container\" class=\"wpforms-field wpforms-field-name\" data-field-id=\"0\"><label class=\"wpforms-field-label\" for=\"wpforms-487-field_0\">Name <span class=\"wpforms-required-label\">*<\/span><\/label><div class=\"wpforms-field-row wpforms-field-medium\"><div class=\"wpforms-field-row-block wpforms-first wpforms-one-half\"><input type=\"text\" id=\"wpforms-487-field_0\" class=\"wpforms-field-name-first wpforms-field-required\" name=\"wpforms[fields][0][first]\" placeholder=\"F\u00f6rnamn\" required><label for=\"wpforms-487-field_0\" class=\"wpforms-field-sublabel after wpforms-sublabel-hide\">F\u00f6rst<\/label><\/div><div class=\"wpforms-field-row-block wpforms-one-half\"><input type=\"text\" id=\"wpforms-487-field_0-last\" class=\"wpforms-field-name-last wpforms-field-required\" name=\"wpforms[fields][0][last]\" placeholder=\"Efternamn\" required><label for=\"wpforms-487-field_0-last\" class=\"wpforms-field-sublabel after wpforms-sublabel-hide\">Sist<\/label><\/div><\/div><\/div><div id=\"wpforms-487-field_9-container\" class=\"wpforms-field wpforms-field-text\" data-field-id=\"9\"><label class=\"wpforms-field-label\" for=\"wpforms-487-field_9\">Personnummer <span class=\"wpforms-required-label\">*<\/span><\/label><input type=\"text\" id=\"wpforms-487-field_9\" class=\"wpforms-field-medium wpforms-field-required\" name=\"wpforms[fields][9]\" placeholder=\"\u00c5\u00c5\u00c5\u00c5MMDD-XXXX\" required><\/div><div id=\"wpforms-487-field_8-container\" class=\"wpforms-field wpforms-field-text\" data-field-id=\"8\"><label class=\"wpforms-field-label\" for=\"wpforms-487-field_8\">Adress <span class=\"wpforms-required-label\">*<\/span><\/label><input type=\"text\" id=\"wpforms-487-field_8\" class=\"wpforms-field-medium wpforms-field-required\" name=\"wpforms[fields][8]\" required><\/div><div id=\"wpforms-487-field_10-container\" class=\"wpforms-field wpforms-field-text\" data-field-id=\"10\"><label class=\"wpforms-field-label\" for=\"wpforms-487-field_10\">Postnummer <span class=\"wpforms-required-label\">*<\/span><\/label><input type=\"text\" id=\"wpforms-487-field_10\" class=\"wpforms-field-medium wpforms-field-required\" name=\"wpforms[fields][10]\" required><\/div><div id=\"wpforms-487-field_11-container\" class=\"wpforms-field wpforms-field-text\" data-field-id=\"11\"><label class=\"wpforms-field-label\" for=\"wpforms-487-field_11\">Postort <span class=\"wpforms-required-label\">*<\/span><\/label><input type=\"text\" id=\"wpforms-487-field_11\" class=\"wpforms-field-medium wpforms-field-required\" name=\"wpforms[fields][11]\" required><\/div><div id=\"wpforms-487-field_1-container\" class=\"wpforms-field wpforms-field-email\" data-field-id=\"1\"><label class=\"wpforms-field-label\" for=\"wpforms-487-field_1\">Email <span class=\"wpforms-required-label\">*<\/span><\/label><input type=\"email\" id=\"wpforms-487-field_1\" class=\"wpforms-field-medium wpforms-field-required\" name=\"wpforms[fields][1]\" required><\/div><div id=\"wpforms-487-field_12-container\" class=\"wpforms-field wpforms-field-email\" data-field-id=\"12\"><label class=\"wpforms-field-label\" for=\"wpforms-487-field_12\">Email 2<\/label><input type=\"email\" id=\"wpforms-487-field_12\" class=\"wpforms-field-medium\" name=\"wpforms[fields][12]\" ><\/div><div id=\"wpforms-487-field_2-container\" class=\"wpforms-field wpforms-field-textarea\" data-field-id=\"2\"><label class=\"wpforms-field-label\" for=\"wpforms-487-field_2\">\u00d6vrigt<\/label><textarea id=\"wpforms-487-field_2\" class=\"wpforms-field-medium\" name=\"wpforms[fields][2]\" ><\/textarea><\/div><div id=\"wpforms-487-field_15-container\" class=\"wpforms-field wpforms-field-gdpr-checkbox\" data-field-id=\"15\"><label class=\"wpforms-field-label\" for=\"wpforms-487-field_15\">GDPR <span class=\"wpforms-required-label\">*<\/span><\/label><ul id=\"wpforms-487-field_15\" class=\"wpforms-field-required\"><li class=\"choice-1\"><input type=\"checkbox\" id=\"wpforms-487-field_15_1\" name=\"wpforms[fields][15][]\" value=\"Jag godk\u00e4nner &lt;a href=&quot;http:\/\/birkadansklubb.se\/?page_id=3&quot; target=_blank&gt;villkoren f\u00f6r personhantering&lt;\/a&gt;\" required ><label class=\"wpforms-field-label-inline\" for=\"wpforms-487-field_15_1\">Jag godk\u00e4nner <a href=\"http:\/\/birkadansklubb.se\/?page_id=3\" target=\"_blank\">villkoren f\u00f6r personhantering<\/a><\/label><\/li><\/ul><\/div><\/div><div class=\"wpforms-field wpforms-field-hp\"><label for=\"wpforms-487-field-hp\" class=\"wpforms-field-label\">Comment<\/label><input type=\"text\" name=\"wpforms[hp]\" id=\"wpforms-487-field-hp\" class=\"wpforms-field-medium\"><\/div><div class=\"wpforms-recaptcha-container wpforms-is-recaptcha\"><div class=\"g-recaptcha\" data-sitekey=\"6Lc-KLgUAAAAAKbWgRXR2GPHpGrfePiDH2oF90Bh\"><\/div><input type=\"text\" name=\"g-recaptcha-hidden\" class=\"wpforms-recaptcha-hidden\" style=\"position:absolute!important;clip:rect(0,0,0,0)!important;height:1px!important;width:1px!important;border:0!important;overflow:hidden!important;padding:0!important;margin:0!important;\" required><\/div><div class=\"wpforms-submit-container\"><input type=\"hidden\" name=\"wpforms[id]\" value=\"487\"><input type=\"hidden\" name=\"wpforms[author]\" value=\"1\"><button type=\"submit\" name=\"wpforms[submit]\" id=\"wpforms-submit-487\" class=\"wpforms-submit\" data-alt-text=\"Skickar...\" data-submit-text=\"Skicka\" aria-live=\"assertive\" value=\"wpforms-submit\">Skicka<\/button><\/div><\/form><\/div>  <!-- .wpforms-container --><\/div>\n\t\t\t\t<\/div>\n\t\t\t\t<\/div>\n\t\t\t\t\t\t<\/div>\n\t\t\t\t\t<\/div>\n\t\t<\/div>\n\t\t\t\t\t\t\t\t<\/div>\n\t\t\t\t\t<\/div>\n\t\t<\/section>\n\t\t\t\t\t\t\t\t\t<\/div>\n\t\t\t<\/div>\n\t\t\t\t\t<\/div>\n\t\t","protected":false},"excerpt":{"rendered":"<p>BLI MEDLEM MEDLEMSANS\u00d6KAN Roligt att just du vill bli medlem! Fyll i formul\u00e4ret till h\u00f6ger f\u00f6r att bli medlem.\u00a0 Medlemsavgiften f\u00f6r aktiva medlemmar \u00e4r 350 kr per verksamhets\u00e5r. F\u00f6r st\u00f6dmedlemmar \u00e4r medlemsavgiften 200 kr per verksamhets\u00e5r. Avgiften faktureras efter behandlad ans\u00f6kan. NY I BIRKA V\u00e4lkommen som ny i Birka Dansklubb. Vi \u00e4r Sveriges \u00e4ldsta dansklubb &hellip;<\/p>\n<p class=\"read-more\"> <a class=\"\" href=\"https:\/\/birkadansklubb.se\/?page_id=521\"> <span class=\"screen-reader-text\">BLI MEDLEM<\/span> L\u00e4s mer &raquo;<\/a><\/p>\n","protected":false},"author":1,"featured_media":0,"parent":0,"menu_order":0,"comment_status":"closed","ping_status":"closed","template":"","meta":{"_uag_custom_page_level_css":""},"uagb_featured_image_src":{"full":false,"thumbnail":false,"medium":false,"medium_large":false,"large":false,"1536x1536":false,"2048x2048":false},"uagb_author_info":{"display_name":"Styrelsen","author_link":"https:\/\/birkadansklubb.se\/?author=1"},"uagb_comment_info":0,"uagb_excerpt":"BLI MEDLEM MEDLEMSANS\u00d6KAN Roligt att just du vill bli medlem! Fyll i formul\u00e4ret till h\u00f6ger f\u00f6r att bli medlem.\u00a0 Medlemsavgiften f\u00f6r aktiva medlemmar \u00e4r 350 kr per verksamhets\u00e5r. F\u00f6r st\u00f6dmedlemmar \u00e4r medlemsavgiften 200 kr per verksamhets\u00e5r. Avgiften faktureras efter behandlad ans\u00f6kan. NY I BIRKA V\u00e4lkommen som ny i Birka Dansklubb. Vi \u00e4r Sveriges \u00e4ldsta dansklubb&hellip;","_links":{"self":[{"href":"https:\/\/birkadansklubb.se\/index.php?rest_route=\/wp\/v2\/pages\/521"}],"collection":[{"href":"https:\/\/birkadansklubb.se\/index.php?rest_route=\/wp\/v2\/pages"}],"about":[{"href":"https:\/\/birkadansklubb.se\/index.php?rest_route=\/wp\/v2\/types\/page"}],"author":[{"embeddable":true,"href":"https:\/\/birkadansklubb.se\/index.php?rest_route=\/wp\/v2\/users\/1"}],"replies":[{"embeddable":true,"href":"https:\/\/birkadansklubb.se\/index.php?rest_route=%2Fwp%2Fv2%2Fcomments&post=521"}],"version-history":[{"count":13,"href":"https:\/\/birkadansklubb.se\/index.php?rest_route=\/wp\/v2\/pages\/521\/revisions"}],"predecessor-version":[{"id":689,"href":"https:\/\/birkadansklubb.se\/index.php?rest_route=\/wp\/v2\/pages\/521\/revisions\/689"}],"wp:attachment":[{"href":"https:\/\/birkadansklubb.se\/index.php?rest_route=%2Fwp%2Fv2%2Fmedia&parent=521"}],"curies":[{"name":"wp","href":"https:\/\/api.w.org\/{rel}","templated":true}]}}