{"id":733,"date":"2023-08-22T20:11:30","date_gmt":"2023-08-22T18:11:30","guid":{"rendered":"https:\/\/birkadansklubb.se\/?page_id=733"},"modified":"2023-08-22T20:47:30","modified_gmt":"2023-08-22T18:47:30","slug":"antidoping","status":"publish","type":"page","link":"https:\/\/birkadansklubb.se\/?page_id=733","title":{"rendered":"Antidoping"},"content":{"rendered":"\t\t<div data-elementor-type=\"wp-page\" data-elementor-id=\"733\" class=\"elementor elementor-733\">\n\t\t\t\t\t\t<div class=\"elementor-inner\">\n\t\t\t\t<div class=\"elementor-section-wrap\">\n\t\t\t\t\t\t\t\t\t<section class=\"elementor-section elementor-top-section elementor-element elementor-element-8e66096 elementor-section-content-middle elementor-section-boxed elementor-section-height-default elementor-section-height-default\" data-id=\"8e66096\" data-element_type=\"section\" data-settings=\"{&quot;background_background&quot;:&quot;classic&quot;}\">\n\t\t\t\t\t\t\t<div class=\"elementor-background-overlay\"><\/div>\n\t\t\t\t\t\t\t<div class=\"elementor-container elementor-column-gap-no\">\n\t\t\t\t\t\t\t<div class=\"elementor-row\">\n\t\t\t\t\t<div class=\"elementor-column elementor-col-100 elementor-top-column elementor-element elementor-element-687cd60\" data-id=\"687cd60\" data-element_type=\"column\">\n\t\t\t<div class=\"elementor-column-wrap elementor-element-populated\">\n\t\t\t\t\t\t\t<div class=\"elementor-widget-wrap\">\n\t\t\t\t\t\t<div class=\"elementor-element elementor-element-d4e8b26 elementor-widget elementor-widget-heading\" data-id=\"d4e8b26\" data-element_type=\"widget\" data-widget_type=\"heading.default\">\n\t\t\t\t<div class=\"elementor-widget-container\">\n\t\t\t<h1 class=\"elementor-heading-title elementor-size-default\">ANTIDOPING<\/h1>\t\t<\/div>\n\t\t\t\t<\/div>\n\t\t\t\t\t\t<\/div>\n\t\t\t\t\t<\/div>\n\t\t<\/div>\n\t\t\t\t\t\t\t\t<\/div>\n\t\t\t\t\t<\/div>\n\t\t<\/section>\n\t\t\t\t<section class=\"elementor-section elementor-top-section elementor-element elementor-element-d60274d elementor-section-content-top elementor-section-boxed elementor-section-height-default elementor-section-height-default\" data-id=\"d60274d\" data-element_type=\"section\" data-settings=\"{&quot;background_background&quot;:&quot;classic&quot;}\">\n\t\t\t\t\t\t\t<div class=\"elementor-background-overlay\"><\/div>\n\t\t\t\t\t\t\t<div class=\"elementor-container elementor-column-gap-no\">\n\t\t\t\t\t\t\t<div class=\"elementor-row\">\n\t\t\t\t\t<div class=\"elementor-column elementor-col-100 elementor-top-column elementor-element elementor-element-fd08948\" data-id=\"fd08948\" data-element_type=\"column\">\n\t\t\t<div class=\"elementor-column-wrap elementor-element-populated\">\n\t\t\t\t\t\t\t<div class=\"elementor-widget-wrap\">\n\t\t\t\t\t\t<div class=\"elementor-element elementor-element-74b93ab elementor-widget elementor-widget-text-editor\" data-id=\"74b93ab\" data-element_type=\"widget\" data-widget_type=\"text-editor.default\">\n\t\t\t\t<div class=\"elementor-widget-container\">\n\t\t\t\t\t\t\t\t<div class=\"elementor-text-editor elementor-clearfix\">\n\t\t\t\t<p><span style=\"font-weight: 600;\">Antidoping<\/span><\/p><p><span style=\"font-weight: 600;\">Regler och F\u00f6reskrifter<\/span><\/p><p><span style=\"font-weight: 400;\">Som medlem i v\u00e5r f\u00f6rening omfattas du av Riksidrottsf\u00f6rbundets (RF) stadgar och dopingregler. Dessa grundar sig i WADA:s (World Anti Doping Agency) v\u00e4rldsantidopingkod, som \u00e4r det globala regelverk som g\u00e4ller inom idrotten. Du \u00e4r sj\u00e4lv ytterst ansvarig att k\u00e4nna till och f\u00f6lja dopingreglerna som g\u00e5r att l\u00e4sa om p\u00e5 <\/span><a href=\"http:\/\/www.antidoping.se\"><span style=\"font-weight: 400;\">www.antidoping.se<\/span><\/a><i><span style=\"font-weight: 400;\">.<\/span><\/i><\/p><p><span style=\"font-weight: 600;\">Tar du dopingklassade l\u00e4kemedel?<\/span><\/p><p><span style=\"font-weight: 400;\">Det \u00e4r viktigt att kolla upp om ditt l\u00e4kemedel \u00e4r dopingklassat. Det g\u00f6r du enklast genom att s\u00f6ka efter det i R\u00f6d-Gr\u00f6na listan som \u00e4r ett bra hj\u00e4lpmedel som Antidoping Sverige tagit fram och som grundar sig p\u00e5 WADA:s lista \u00f6ver dopingklassade substanser. B\u00e5da listorna finns p\u00e5 antidoping.se.<\/span><\/p><p><span style=\"font-weight: 600;\">Beh\u00f6ver du s\u00f6ka medicinsk dispens?<\/span><\/p><p><span style=\"font-weight: 400;\">\u00c4r ditt l\u00e4kemedel dopingklassat och det inte finns n\u00e5gra till\u00e5tna alternativ, kan du beh\u00f6va s\u00f6ka medicinsk dispens i Sverige eller internationellt beroende p\u00e5 vilken niv\u00e5 du idrottar p\u00e5. Ta reda p\u00e5 vad som g\u00e4ller f\u00f6r just dig p\u00e5 antidoping.se.<\/span><\/p><p><span style=\"font-weight: 600;\">Dopingkontroll<\/span><\/p><p><span style=\"font-weight: 400;\">Som medlem i v\u00e5r f\u00f6rening kan du bli utvald till dopingkontroll. F\u00f6r att du ska veta hur en dopingkontroll g\u00e5r till och dina r\u00e4ttigheter och skyldigheter s\u00e5 rekommenderar vi filmen \u201dDopingkontroll\u201d som finns p\u00e5 antidoping.se. D\u00e4r finns \u00e4ven en folder med samma namn, som delas ut till alla som g\u00f6r en dopingkontroll f\u00f6r f\u00f6rsta g\u00e5ngen.<\/span><\/p><p><span style=\"font-weight: 600;\">Kosttillskott<\/span><\/p><p><span style=\"font-weight: 400;\">Riksidrottsf\u00f6rbundet avr\u00e5der fr\u00e5n anv\u00e4ndning av kosttillskott, mer \u00e4n p\u00e5 rent medicinska grunder. M\u00e5nga preparat p\u00e5 marknaden \u00e4r otillr\u00e4ckligt kontrollerade och kan inneh\u00e5lla dopingklassade substanser trots att det inte st\u00e5r p\u00e5 inneh\u00e5llsf\u00f6rteckningen. Eftersom du \u00e4r ytterst ansvarig f\u00f6r vad du stoppar i dig, s\u00e5 sker allt bruk av kosttillskott p\u00e5 egen risk. L\u00e4s mer om vad Antidoping Sverige skriver om kosttillskott p\u00e5 antidoping.se.<\/span><\/p><p><span style=\"font-weight: 600;\">Vi \u00e4r vaccinerade mot doping<\/span><span style=\"font-weight: 600;\"><br \/><\/span><i><span style=\"font-weight: 400;\">V\u00e5r f\u00f6rening<\/span><\/i><span style=\"font-weight: 400;\"> \u00e4r vaccinerad mot doping, enligt Antidoping Sveriges uppl\u00e4gg. L\u00e4s mer om vad det inneb\u00e4r <\/span><a href=\"https:\/\/antidoping.se\/utbildning-fakta\/utbildning\/vaccinera-klubben\/\"><span style=\"font-weight: 400;\">h\u00e4r<\/span><\/a><span style=\"font-weight: 400;\">.<\/span><span style=\"font-weight: 400;\"><br \/><\/span><span style=\"font-weight: 400;\">\u00a0<\/span><\/p><p><span style=\"font-weight: 600;\">V\u00e5r antidopingplan<\/span><\/p><p><span style=\"font-weight: 400;\">I v\u00e5r antidopingplan kan du l\u00e4sa mer om hur vi arbetar f\u00f6r att f\u00f6rebygga doping i v\u00e5r verksamhet och hur vi bem\u00f6ter akuta situationer. L\u00e4s v\u00e5r antidopingplan <a href=\"https:\/\/docs.google.com\/document\/d\/1c6DG1thDAfS2XHiRI4PhavSPufSk5eZQ\/edit\">h\u00e4r<\/a>.<\/span><\/p><p><span style=\"font-weight: 600;\">L\u00e4r dig om vad som g\u00e4ller<\/span><b><br \/><\/b><span style=\"font-weight: 400;\">Du \u00e4r sj\u00e4lv ansvarig att k\u00e4nna till och f\u00f6lja dopingreglerna. Du l\u00e4r dig vad som g\u00e4ller p\u00e5 30 minuter om du genomf\u00f6r e-utbildningen Ren vinnare.<\/span> <a href=\"https:\/\/antidoping.se\/utbildning-fakta\/utbildning\/ren-vinnare\/\"><span style=\"font-weight: 400;\">L\u00e4s mer h\u00e4r.<\/span><\/a><\/p>\t\t\t\t\t<\/div>\n\t\t\t\t\t\t<\/div>\n\t\t\t\t<\/div>\n\t\t\t\t\t\t<\/div>\n\t\t\t\t\t<\/div>\n\t\t<\/div>\n\t\t\t\t\t\t\t\t<\/div>\n\t\t\t\t\t<\/div>\n\t\t<\/section>\n\t\t\t\t\t\t\t\t\t<\/div>\n\t\t\t<\/div>\n\t\t\t\t\t<\/div>\n\t\t","protected":false},"excerpt":{"rendered":"<p>ANTIDOPING Antidoping Regler och F\u00f6reskrifter Som medlem i v\u00e5r f\u00f6rening omfattas du av Riksidrottsf\u00f6rbundets (RF) stadgar och dopingregler. Dessa grundar sig i WADA:s (World Anti Doping Agency) v\u00e4rldsantidopingkod, som \u00e4r det globala regelverk som g\u00e4ller inom idrotten. Du \u00e4r sj\u00e4lv ytterst ansvarig att k\u00e4nna till och f\u00f6lja dopingreglerna som g\u00e5r att l\u00e4sa om p\u00e5 www.antidoping.se. &hellip;<\/p>\n<p class=\"read-more\"> <a class=\"\" href=\"https:\/\/birkadansklubb.se\/?page_id=733\"> <span class=\"screen-reader-text\">Antidoping<\/span> L\u00e4s mer &raquo;<\/a><\/p>\n","protected":false},"author":1,"featured_media":0,"parent":0,"menu_order":0,"comment_status":"closed","ping_status":"closed","template":"","meta":{"_uag_custom_page_level_css":""},"uagb_featured_image_src":{"full":false,"thumbnail":false,"medium":false,"medium_large":false,"large":false,"1536x1536":false,"2048x2048":false},"uagb_author_info":{"display_name":"Styrelsen","author_link":"https:\/\/birkadansklubb.se\/?author=1"},"uagb_comment_info":0,"uagb_excerpt":"ANTIDOPING Antidoping Regler och F\u00f6reskrifter Som medlem i v\u00e5r f\u00f6rening omfattas du av Riksidrottsf\u00f6rbundets (RF) stadgar och dopingregler. Dessa grundar sig i WADA:s (World Anti Doping Agency) v\u00e4rldsantidopingkod, som \u00e4r det globala regelverk som g\u00e4ller inom idrotten. Du \u00e4r sj\u00e4lv ytterst ansvarig att k\u00e4nna till och f\u00f6lja dopingreglerna som g\u00e5r att l\u00e4sa om p\u00e5 www.antidoping.se.&hellip;","_links":{"self":[{"href":"https:\/\/birkadansklubb.se\/index.php?rest_route=\/wp\/v2\/pages\/733"}],"collection":[{"href":"https:\/\/birkadansklubb.se\/index.php?rest_route=\/wp\/v2\/pages"}],"about":[{"href":"https:\/\/birkadansklubb.se\/index.php?rest_route=\/wp\/v2\/types\/page"}],"author":[{"embeddable":true,"href":"https:\/\/birkadansklubb.se\/index.php?rest_route=\/wp\/v2\/users\/1"}],"replies":[{"embeddable":true,"href":"https:\/\/birkadansklubb.se\/index.php?rest_route=%2Fwp%2Fv2%2Fcomments&post=733"}],"version-history":[{"count":20,"href":"https:\/\/birkadansklubb.se\/index.php?rest_route=\/wp\/v2\/pages\/733\/revisions"}],"predecessor-version":[{"id":793,"href":"https:\/\/birkadansklubb.se\/index.php?rest_route=\/wp\/v2\/pages\/733\/revisions\/793"}],"wp:attachment":[{"href":"https:\/\/birkadansklubb.se\/index.php?rest_route=%2Fwp%2Fv2%2Fmedia&parent=733"}],"curies":[{"name":"wp","href":"https:\/\/api.w.org\/{rel}","templated":true}]}}